{"id":6586,"date":"2023-02-07T08:44:48","date_gmt":"2023-02-07T07:44:48","guid":{"rendered":"https:\/\/hotel-paris.hr\/legal-information\/"},"modified":"2023-04-28T20:10:25","modified_gmt":"2023-04-28T18:10:25","slug":"informazioni-legali","status":"publish","type":"page","link":"https:\/\/hotel-paris.hr\/it\/informazioni-legali\/","title":{"rendered":"Informazioni legali"},"content":{"rendered":"\n<h4 class=\"wp-block-heading\"><strong>PALISADA d.o.o.<\/strong><\/h4>\n\n\n\n<p><strong>OIB:&nbsp;<\/strong>HR76046371707<br><strong>MBS: &nbsp;<\/strong>2454637<\/p>\n\n\n\n<p><strong>Conto bancario<\/strong>:<strong><br><\/strong>Nome della banca: HRVATSKA PO\u0160TANSKA BANKA D.D.<br>IBAN: HR7723900011101023854<\/p>\n\n\n\n<p><strong>Sede centrale:\u00a0<\/strong><br>Vladimira Nazora 1, 51410 Opatija, Croazia<\/p>\n\n\n\n<p><strong>Membro del consiglio di amministrazione e direttore esecutivo:<\/strong> Zdravko Josi\u0107.<\/p>\n\n\n\n<p><strong>L\u2019importo del capitale azionario della societ\u00e0, e se il capitale \u00e8 stato interamente versato:<\/strong> 4.007.800,00 kn<\/p>\n\n\n\n<p>PALISADA (societ\u00e0 a responsabilit\u00e0 limitata) elencato nel registro del Tribunale commerciale di Rijeka.<\/p>\n\n\n\n<div style=\"height:15px\" aria-hidden=\"true\" class=\"wp-block-spacer\"><\/div>\n\n\n\n<hr class=\"wp-block-separator has-alpha-channel-opacity is-style-dots\"\/>\n\n\n\n<div style=\"height:15px\" aria-hidden=\"true\" class=\"wp-block-spacer\"><\/div>\n\n\n\n<p><strong>Foto di:<\/strong> Proces Media, Marko Vrdoljak, Anton Unkovi\u0107, \u017deljka Sta\u0161i\u0107, Vladimir Franoli\u0107<\/p>\n","protected":false},"excerpt":{"rendered":"<p>PALISADA d.o.o. OIB:&nbsp;HR76046371707MBS: &nbsp;2454637 Conto bancario:Nome della banca: HRVATSKA PO\u0160TANSKA BANKA D.D.IBAN: HR7723900011101023854 Sede centrale:\u00a0Vladimira Nazora 1, 51410 Opatija, Croazia Membro del consiglio di amministrazione e direttore esecutivo: Zdravko Josi\u0107. L\u2019importo del capitale azionario della societ\u00e0, e se il capitale \u00e8 stato interamente versato: 4.007.800,00 kn PALISADA (societ\u00e0 a responsabilit\u00e0 limitata) elencato nel registro del [&hellip;]<\/p>\n","protected":false},"author":1,"featured_media":0,"parent":0,"menu_order":0,"comment_status":"closed","ping_status":"closed","template":"","meta":{"_acf_changed":false,"footnotes":""},"class_list":["post-6586","page","type-page","status-publish","hentry"],"acf":[],"_links":{"self":[{"href":"https:\/\/hotel-paris.hr\/it\/wp-json\/wp\/v2\/pages\/6586","targetHints":{"allow":["GET"]}}],"collection":[{"href":"https:\/\/hotel-paris.hr\/it\/wp-json\/wp\/v2\/pages"}],"about":[{"href":"https:\/\/hotel-paris.hr\/it\/wp-json\/wp\/v2\/types\/page"}],"author":[{"embeddable":true,"href":"https:\/\/hotel-paris.hr\/it\/wp-json\/wp\/v2\/users\/1"}],"replies":[{"embeddable":true,"href":"https:\/\/hotel-paris.hr\/it\/wp-json\/wp\/v2\/comments?post=6586"}],"version-history":[{"count":0,"href":"https:\/\/hotel-paris.hr\/it\/wp-json\/wp\/v2\/pages\/6586\/revisions"}],"wp:attachment":[{"href":"https:\/\/hotel-paris.hr\/it\/wp-json\/wp\/v2\/media?parent=6586"}],"curies":[{"name":"wp","href":"https:\/\/api.w.org\/{rel}","templated":true}]}}