{"id":8930,"date":"2023-07-31T12:21:01","date_gmt":"2023-07-31T10:21:01","guid":{"rendered":"https:\/\/hotel-paris.hr\/beauty-boutique-mjp-exclusive-beauty-hair-salon-opatija\/"},"modified":"2024-06-23T14:44:12","modified_gmt":"2024-06-23T12:44:12","slug":"mjp-ekskluzivni-kozmeticki-i-frizerski-salon-opatija","status":"publish","type":"page","link":"https:\/\/hotel-paris.hr\/hr\/mjp-ekskluzivni-kozmeticki-i-frizerski-salon-opatija\/","title":{"rendered":"Beauty Boutique MJP"},"content":{"rendered":"\t\t<div data-elementor-type=\"wp-page\" data-elementor-id=\"8930\" class=\"elementor elementor-8930 elementor-8890\" data-elementor-post-type=\"page\">\n\t\t\t\t\t\t<section class=\"elementor-section elementor-top-section elementor-element elementor-element-4b6dfad8 elementor-section-full_width elementor-section-height-default elementor-section-height-default\" data-id=\"4b6dfad8\" data-element_type=\"section\" data-e-type=\"section\" data-settings=\"{&quot;background_background&quot;:&quot;gradient&quot;}\">\n\t\t\t\t\t\t\t<div class=\"elementor-background-overlay\"><\/div>\n\t\t\t\t\t\t\t<div class=\"elementor-container elementor-column-gap-default\">\n\t\t\t\t\t<div class=\"elementor-column elementor-col-100 elementor-top-column elementor-element elementor-element-29ef3dc9\" data-id=\"29ef3dc9\" data-element_type=\"column\" data-e-type=\"column\" data-settings=\"{&quot;background_background&quot;:&quot;slideshow&quot;,&quot;background_slideshow_slide_duration&quot;:3000,&quot;background_slideshow_transition_duration&quot;:1000,&quot;background_slideshow_ken_burns&quot;:&quot;yes&quot;,&quot;background_slideshow_gallery&quot;:[],&quot;background_slideshow_loop&quot;:&quot;yes&quot;,&quot;background_slideshow_slide_transition&quot;:&quot;fade&quot;,&quot;background_slideshow_ken_burns_zoom_direction&quot;:&quot;in&quot;}\">\n\t\t\t<div class=\"elementor-widget-wrap elementor-element-populated\">\n\t\t\t\t\t\t<div class=\"elementor-element elementor-element-28af043 elementor-widget elementor-widget-image\" data-id=\"28af043\" data-element_type=\"widget\" data-e-type=\"widget\" data-widget_type=\"image.default\">\n\t\t\t\t<div class=\"elementor-widget-container\">\n\t\t\t\t\t\t\t\t\t\t\t\t\t\t\t<img fetchpriority=\"high\" decoding=\"async\" width=\"900\" height=\"696\" src=\"https:\/\/hotel-paris.hr\/2023\/wp-content\/uploads\/2023\/07\/MJP-beauty-boutique-1.png\" class=\"attachment-full size-full wp-image-8913\" alt=\"MJP-beauty-boutique\" srcset=\"https:\/\/hotel-paris.hr\/2023\/wp-content\/uploads\/2023\/07\/MJP-beauty-boutique-1.png 900w, https:\/\/hotel-paris.hr\/2023\/wp-content\/uploads\/2023\/07\/MJP-beauty-boutique-1-300x232.png 300w, https:\/\/hotel-paris.hr\/2023\/wp-content\/uploads\/2023\/07\/MJP-beauty-boutique-1-768x594.png 768w\" sizes=\"(max-width: 900px) 100vw, 900px\" \/>\t\t\t\t\t\t\t\t\t\t\t\t\t\t\t<\/div>\n\t\t\t\t<\/div>\n\t\t\t\t\t<\/div>\n\t\t<\/div>\n\t\t\t\t\t<\/div>\n\t\t<\/section>\n\t\t\t\t<section class=\"elementor-section elementor-top-section elementor-element elementor-element-e9267b4 elementor-section-boxed elementor-section-height-default elementor-section-height-default\" data-id=\"e9267b4\" data-element_type=\"section\" data-e-type=\"section\">\n\t\t\t\t\t\t<div class=\"elementor-container elementor-column-gap-default\">\n\t\t\t\t\t<div class=\"elementor-column elementor-col-100 elementor-top-column elementor-element elementor-element-69c8b9ee\" data-id=\"69c8b9ee\" data-element_type=\"column\" data-e-type=\"column\">\n\t\t\t<div class=\"elementor-widget-wrap elementor-element-populated\">\n\t\t\t\t\t\t<div class=\"elementor-element elementor-element-7074ca11 elementor-widget elementor-widget-heading\" data-id=\"7074ca11\" data-element_type=\"widget\" data-e-type=\"widget\" data-widget_type=\"heading.default\">\n\t\t\t\t<div class=\"elementor-widget-container\">\n\t\t\t\t\t<h2 class=\"elementor-heading-title elementor-size-default\">Beauty boutique MJP<\/h2>\t\t\t\t<\/div>\n\t\t\t\t<\/div>\n\t\t\t\t<div class=\"elementor-element elementor-element-86c9185 elementor-widget elementor-widget-heading\" data-id=\"86c9185\" data-element_type=\"widget\" data-e-type=\"widget\" data-widget_type=\"heading.default\">\n\t\t\t\t<div class=\"elementor-widget-container\">\n\t\t\t\t\t<h1 class=\"elementor-heading-title elementor-size-default\">Ekskluzivni kozmeti\u010dki i frizerski salon u centru Opatije  <\/h1>\t\t\t\t<\/div>\n\t\t\t\t<\/div>\n\t\t\t\t<div class=\"elementor-element elementor-element-715edd1f elementor-widget elementor-widget-text-editor\" data-id=\"715edd1f\" data-element_type=\"widget\" data-e-type=\"widget\" data-widget_type=\"text-editor.default\">\n\t\t\t\t<div class=\"elementor-widget-container\">\n\t\t\t\t\t\t\t\t\t<p><strong>Prepustite se<\/strong> profesionalnim rukama i priu\u0161tite sebi kozmeti\u010dki tretman koji \u0107e vas pomladiti, osvje\u017eiti i napuniti pozitivnom energijom. <strong>Najsuvremenija tehnologija<\/strong> i moderni tretmani. Vlasnica i voditeljica Mag. pharm. Mia Josi\u0107 Pletikosa<\/p>\t\t\t\t\t\t\t\t<\/div>\n\t\t\t\t<\/div>\n\t\t\t\t\t<\/div>\n\t\t<\/div>\n\t\t\t\t\t<\/div>\n\t\t<\/section>\n\t\t\t\t<section class=\"elementor-section elementor-top-section elementor-element elementor-element-22916f76 elementor-section-boxed elementor-section-height-default elementor-section-height-default\" data-id=\"22916f76\" data-element_type=\"section\" data-e-type=\"section\">\n\t\t\t\t\t\t<div class=\"elementor-container elementor-column-gap-default\">\n\t\t\t\t\t<div class=\"elementor-column elementor-col-100 elementor-top-column elementor-element elementor-element-65a44176\" data-id=\"65a44176\" data-element_type=\"column\" data-e-type=\"column\">\n\t\t\t<div class=\"elementor-widget-wrap elementor-element-populated\">\n\t\t\t\t\t\t<div class=\"elementor-element elementor-element-7efc7423 elementor-widget elementor-widget-heading\" data-id=\"7efc7423\" data-element_type=\"widget\" data-e-type=\"widget\" data-widget_type=\"heading.default\">\n\t\t\t\t<div class=\"elementor-widget-container\">\n\t\t\t\t\t<h3 class=\"elementor-heading-title elementor-size-default\">Ekskluzivni kozmeti\u010dki i frizerski salon<\/h3>\t\t\t\t<\/div>\n\t\t\t\t<\/div>\n\t\t\t\t<div class=\"elementor-element elementor-element-c22b122 elementor-widget elementor-widget-text-editor\" data-id=\"c22b122\" data-element_type=\"widget\" data-e-type=\"widget\" data-widget_type=\"text-editor.default\">\n\t\t\t\t<div class=\"elementor-widget-container\">\n\t\t\t\t\t\t\t\t\t<p><strong>Moderno ure\u0111en &#8220;Beauty boutique MJP&#8221; u centru Opatije, u sklopu Hotela Paris,<\/strong> pod vodstvom mag. pharm. Mie Josi\u0107 Pletikosa pru\u017ea vrhunsku i profesionalnu uslugu, modernu tehnologiju za preoblikovanje tijela i lica sa vrhunskom medicinskom kozmetikom renomirane \u0161panjolske ku\u0107e <strong>Mesoestetic<\/strong>.<\/p><p><strong>Na\u0161e kozmeti\u010darke su eksperti za uljep\u0161avanje i njegu lica:<\/strong> threading, bojanje i laminacija obrva i trepavica, ekstenzije trepavica, ugradnja i korekcija noktiju gelom i trajnim lakom OPI, pedikure, depilacije Lyconom, Hydrafacial, HIFU 9D, mikrodermoabrazija, microneedling, kemijski piling, botox bez igle, uklanjanju ne\u017eeljenih dla\u010dica, uklanjanju hiperpigmentacije, lije\u010denje akni i antiaging tretmani pomla\u0111ivanja ko\u017ee sa individualnim pristupom i dr.<\/p><p><strong>Osim bogate ponude<\/strong> za njegu lica specijalizirani smo i za neinvazivno preoblikovanje tijela vrhunskim preparatima i naju\u010dinkovitijim aparatima s naglaskom na zatezanje ko\u017ee, mr\u0161avljenje, tonus te vizualne transformacije: kriolipoliza, tesla, vakum tijela, butt lift, RF, maderoterapija, elektir\u010dna maderoterapija, lipo laser i dr. \u010dine na\u0161e usluge visokokvalitetnim uz istodobno prihvatljive cijene.<\/p><p><strong>Zahvaljuju\u0107i bogatom iskustvu<\/strong> i stru\u010dnim edukacijama svakom klijentu nudimo vrhunsku uslugu kojoj cilj nije samo uljep\u0161avanje, ve\u0107 i ja\u010danje otpornosti i zdravlja ko\u017ee.<\/p>\t\t\t\t\t\t\t\t<\/div>\n\t\t\t\t<\/div>\n\t\t\t\t\t<\/div>\n\t\t<\/div>\n\t\t\t\t\t<\/div>\n\t\t<\/section>\n\t\t\t\t<section class=\"elementor-section elementor-top-section elementor-element elementor-element-1656bec elementor-section-boxed elementor-section-height-default elementor-section-height-default\" data-id=\"1656bec\" data-element_type=\"section\" data-e-type=\"section\">\n\t\t\t\t\t\t<div class=\"elementor-container elementor-column-gap-default\">\n\t\t\t\t\t<div class=\"elementor-column elementor-col-100 elementor-top-column elementor-element elementor-element-6737956\" data-id=\"6737956\" data-element_type=\"column\" data-e-type=\"column\">\n\t\t\t<div class=\"elementor-widget-wrap elementor-element-populated\">\n\t\t\t\t\t\t<div class=\"elementor-element elementor-element-27429aa elementor-widget elementor-widget-heading\" data-id=\"27429aa\" data-element_type=\"widget\" data-e-type=\"widget\" data-widget_type=\"heading.default\">\n\t\t\t\t<div class=\"elementor-widget-container\">\n\t\t\t\t\t<p class=\"elementor-heading-title elementor-size-default\">Pogledajte detalje i rezervirajte online<\/p>\t\t\t\t<\/div>\n\t\t\t\t<\/div>\n\t\t\t\t\t<\/div>\n\t\t<\/div>\n\t\t\t\t\t<\/div>\n\t\t<\/section>\n\t\t\t\t<section class=\"elementor-section elementor-top-section elementor-element elementor-element-2e30111 elementor-section-content-middle elementor-section-boxed elementor-section-height-default elementor-section-height-default\" data-id=\"2e30111\" data-element_type=\"section\" data-e-type=\"section\">\n\t\t\t\t\t\t<div class=\"elementor-container elementor-column-gap-default\">\n\t\t\t\t\t<div class=\"elementor-column elementor-col-100 elementor-top-column elementor-element elementor-element-53bc0f40\" data-id=\"53bc0f40\" data-element_type=\"column\" data-e-type=\"column\">\n\t\t\t<div class=\"elementor-widget-wrap elementor-element-populated\">\n\t\t\t\t\t\t<div class=\"elementor-element elementor-element-2dcefcfd elementor-align-center elementor-widget__width-auto elementor-widget elementor-widget-button\" data-id=\"2dcefcfd\" data-element_type=\"widget\" data-e-type=\"widget\" data-widget_type=\"button.default\">\n\t\t\t\t<div class=\"elementor-widget-container\">\n\t\t\t\t\t\t\t\t\t<div class=\"elementor-button-wrapper\">\n\t\t\t\t\t<a class=\"elementor-button elementor-button-link elementor-size-sm\" href=\"https:\/\/beautyboutiquemjp.com\/\" target=\"_blank\" rel=\"noopener\">\n\t\t\t\t\t\t<span class=\"elementor-button-content-wrapper\">\n\t\t\t\t\t\t<span class=\"elementor-button-icon\">\n\t\t\t\t<svg aria-hidden=\"true\" class=\"e-font-icon-svg e-fas-arrow-right\" viewBox=\"0 0 448 512\" xmlns=\"http:\/\/www.w3.org\/2000\/svg\"><path d=\"M190.5 66.9l22.2-22.2c9.4-9.4 24.6-9.4 33.9 0L441 239c9.4 9.4 9.4 24.6 0 33.9L246.6 467.3c-9.4 9.4-24.6 9.4-33.9 0l-22.2-22.2c-9.5-9.5-9.3-25 .4-34.3L311.4 296H24c-13.3 0-24-10.7-24-24v-32c0-13.3 10.7-24 24-24h287.4L190.9 101.2c-9.8-9.3-10-24.8-.4-34.3z\"><\/path><\/svg>\t\t\t<\/span>\n\t\t\t\t\t\t\t\t\t<span class=\"elementor-button-text\">Beauty boutique MJP<\/span>\n\t\t\t\t\t<\/span>\n\t\t\t\t\t<\/a>\n\t\t\t\t<\/div>\n\t\t\t\t\t\t\t\t<\/div>\n\t\t\t\t<\/div>\n\t\t\t\t\t<\/div>\n\t\t<\/div>\n\t\t\t\t\t<\/div>\n\t\t<\/section>\n\t\t\t\t<\/div>\n\t\t","protected":false},"excerpt":{"rendered":"<p>Beauty boutique MJP Ekskluzivni kozmeti\u010dki i frizerski salon u centru Opatije Prepustite se profesionalnim rukama i priu\u0161tite sebi kozmeti\u010dki tretman koji \u0107e vas pomladiti, osvje\u017eiti i napuniti pozitivnom energijom. Najsuvremenija tehnologija i moderni tretmani. Vlasnica i voditeljica Mag. pharm. Mia Josi\u0107 Pletikosa Ekskluzivni kozmeti\u010dki i frizerski salon Moderno ure\u0111en &#8220;Beauty boutique MJP&#8221; u centru Opatije, [&hellip;]<\/p>\n","protected":false},"author":1,"featured_media":0,"parent":0,"menu_order":0,"comment_status":"closed","ping_status":"closed","template":"","meta":{"_acf_changed":false,"footnotes":""},"class_list":["post-8930","page","type-page","status-publish","hentry"],"acf":[],"_links":{"self":[{"href":"https:\/\/hotel-paris.hr\/hr\/wp-json\/wp\/v2\/pages\/8930","targetHints":{"allow":["GET"]}}],"collection":[{"href":"https:\/\/hotel-paris.hr\/hr\/wp-json\/wp\/v2\/pages"}],"about":[{"href":"https:\/\/hotel-paris.hr\/hr\/wp-json\/wp\/v2\/types\/page"}],"author":[{"embeddable":true,"href":"https:\/\/hotel-paris.hr\/hr\/wp-json\/wp\/v2\/users\/1"}],"replies":[{"embeddable":true,"href":"https:\/\/hotel-paris.hr\/hr\/wp-json\/wp\/v2\/comments?post=8930"}],"version-history":[{"count":0,"href":"https:\/\/hotel-paris.hr\/hr\/wp-json\/wp\/v2\/pages\/8930\/revisions"}],"wp:attachment":[{"href":"https:\/\/hotel-paris.hr\/hr\/wp-json\/wp\/v2\/media?parent=8930"}],"curies":[{"name":"wp","href":"https:\/\/api.w.org\/{rel}","templated":true}]}}