{"id":5482,"date":"2023-02-07T08:44:48","date_gmt":"2023-02-07T07:44:48","guid":{"rendered":"https:\/\/hotel-paris.hr\/2023\/legal-information\/"},"modified":"2023-03-31T15:23:49","modified_gmt":"2023-03-31T13:23:49","slug":"pravne-informacije","status":"publish","type":"page","link":"https:\/\/hotel-paris.hr\/hr\/pravne-informacije\/","title":{"rendered":"Pravne informacije"},"content":{"rendered":"\n<h4 class=\"wp-block-heading\"><strong>PALISADA d.o.o.<\/strong><\/h4>\n\n\n\n<p><strong>OIB:\u00a0<\/strong>HR76046371707<br><strong>MBS: \u00a0<\/strong>2454637<\/p>\n\n\n\n<p><strong><strong>Poslovni ra\u010dun<\/strong>:<br><\/strong>HRVATSKA PO\u0160TANSKA BANKA D.D.<br>IBAN: HR7723900011101023854<\/p>\n\n\n\n<p><strong>Sjedi\u0161te:<\/strong><br>Vladimira Nazora 1, 51410 Opatija, Hrvatska<\/p>\n\n\n\n<p><strong>\u010clan uprave i direktor:<\/strong> Zdravko Josi\u0107<\/p>\n\n\n\n<p><strong>Temeljni kapital:<\/strong> 4.007.800,00 kn upla\u0107en u cijelosti<br>PALISADA dru\u0161tvo s ograni\u010denom odgovorno\u0161\u0107u upisano je pri Trgova\u010dkom sudu u Rijeci<\/p>\n\n\n\n<div style=\"height:15px\" aria-hidden=\"true\" class=\"wp-block-spacer\"><\/div>\n\n\n\n<hr class=\"wp-block-separator has-alpha-channel-opacity is-style-dots\"\/>\n\n\n\n<div style=\"height:15px\" aria-hidden=\"true\" class=\"wp-block-spacer\"><\/div>\n\n\n\n<p><strong>Photos by:<\/strong> Proces Media, Marko Vrdoljak, Anton Unkovi\u0107, \u017deljka Sta\u0161i\u0107, Vladimir Franoli\u0107<\/p>\n","protected":false},"excerpt":{"rendered":"<p>PALISADA d.o.o. OIB:\u00a0HR76046371707MBS: \u00a02454637 Poslovni ra\u010dun:HRVATSKA PO\u0160TANSKA BANKA D.D.IBAN: HR7723900011101023854 Sjedi\u0161te:Vladimira Nazora 1, 51410 Opatija, Hrvatska \u010clan uprave i direktor: Zdravko Josi\u0107 Temeljni kapital: 4.007.800,00 kn upla\u0107en u cijelostiPALISADA dru\u0161tvo s ograni\u010denom odgovorno\u0161\u0107u upisano je pri Trgova\u010dkom sudu u Rijeci Photos by: Proces Media, Marko Vrdoljak, Anton Unkovi\u0107, \u017deljka Sta\u0161i\u0107, Vladimir Franoli\u0107<\/p>\n","protected":false},"author":1,"featured_media":0,"parent":0,"menu_order":0,"comment_status":"closed","ping_status":"closed","template":"","meta":{"_acf_changed":false,"footnotes":""},"class_list":["post-5482","page","type-page","status-publish","hentry"],"acf":[],"_links":{"self":[{"href":"https:\/\/hotel-paris.hr\/hr\/wp-json\/wp\/v2\/pages\/5482","targetHints":{"allow":["GET"]}}],"collection":[{"href":"https:\/\/hotel-paris.hr\/hr\/wp-json\/wp\/v2\/pages"}],"about":[{"href":"https:\/\/hotel-paris.hr\/hr\/wp-json\/wp\/v2\/types\/page"}],"author":[{"embeddable":true,"href":"https:\/\/hotel-paris.hr\/hr\/wp-json\/wp\/v2\/users\/1"}],"replies":[{"embeddable":true,"href":"https:\/\/hotel-paris.hr\/hr\/wp-json\/wp\/v2\/comments?post=5482"}],"version-history":[{"count":0,"href":"https:\/\/hotel-paris.hr\/hr\/wp-json\/wp\/v2\/pages\/5482\/revisions"}],"wp:attachment":[{"href":"https:\/\/hotel-paris.hr\/hr\/wp-json\/wp\/v2\/media?parent=5482"}],"curies":[{"name":"wp","href":"https:\/\/api.w.org\/{rel}","templated":true}]}}