{"id":7047,"date":"2023-02-07T08:44:48","date_gmt":"2023-02-07T07:44:48","guid":{"rendered":"https:\/\/hotel-paris.hr\/legal-information\/"},"modified":"2023-05-08T08:33:02","modified_gmt":"2023-05-08T06:33:02","slug":"rechtsinformation","status":"publish","type":"page","link":"https:\/\/hotel-paris.hr\/de\/rechtsinformation\/","title":{"rendered":"Rechtsinformation"},"content":{"rendered":"\n<h4 class=\"wp-block-heading\"><strong>PALISADA d.o.o.<\/strong><\/h4>\n\n\n\n<p><strong>VAT (<strong>UID-Nr.)<\/strong>:\u00a0<\/strong>HR76046371707<br><strong>Registration number <strong>(Matrikelnummer)<\/strong>: <\/strong>2454637<\/p>\n\n\n\n<p><strong><strong>Bankverbindung<\/strong>:<br><\/strong>HRVATSKA PO\u0160TANSKA BANKA D.D.<br>IBAN: HR7723900011101023854<\/p>\n\n\n\n<p><strong><strong>Hauptsitz<\/strong>:<\/strong><br>Vladimira Nazora 1, 51410 Opatija, Kroatien<\/p>\n\n\n\n<p><strong>Vorstandsmitglied und Gesch\u00e4ftsf\u00fchrer:<\/strong> Zdravko Josi\u0107.<\/p>\n\n\n\n<p>Stammkapital der Gesellschaft und Auskunft \u00fcber die vollst\u00e4ndige Einzahlung des Stammkapitals: 4.007.800,00 kn.<\/p>\n\n\n\n<p>PALISADA (limited liability company) listed in the register of the Commercial Court in Rijeka.<\/p>\n\n\n\n<div style=\"height:15px\" aria-hidden=\"true\" class=\"wp-block-spacer\"><\/div>\n\n\n\n<hr class=\"wp-block-separator has-alpha-channel-opacity is-style-dots\"\/>\n\n\n\n<div style=\"height:15px\" aria-hidden=\"true\" class=\"wp-block-spacer\"><\/div>\n\n\n\n<p><strong>Fotos:<\/strong> Proces Media, Marko Vrdoljak, Anton Unkovi\u0107, \u017deljka Sta\u0161i\u0107, Vladimir Franoli\u0107<\/p>\n","protected":false},"excerpt":{"rendered":"<p>PALISADA d.o.o. VAT (UID-Nr.):\u00a0HR76046371707Registration number (Matrikelnummer): 2454637 Bankverbindung:HRVATSKA PO\u0160TANSKA BANKA D.D.IBAN: HR7723900011101023854 Hauptsitz:Vladimira Nazora 1, 51410 Opatija, Kroatien Vorstandsmitglied und Gesch\u00e4ftsf\u00fchrer: Zdravko Josi\u0107. Stammkapital der Gesellschaft und Auskunft \u00fcber die vollst\u00e4ndige Einzahlung des Stammkapitals: 4.007.800,00 kn. PALISADA (limited liability company) listed in the register of the Commercial Court in Rijeka. Fotos: Proces Media, Marko Vrdoljak, [&hellip;]<\/p>\n","protected":false},"author":1,"featured_media":0,"parent":0,"menu_order":0,"comment_status":"closed","ping_status":"closed","template":"","meta":{"_acf_changed":false,"footnotes":""},"class_list":["post-7047","page","type-page","status-publish","hentry"],"acf":[],"_links":{"self":[{"href":"https:\/\/hotel-paris.hr\/de\/wp-json\/wp\/v2\/pages\/7047","targetHints":{"allow":["GET"]}}],"collection":[{"href":"https:\/\/hotel-paris.hr\/de\/wp-json\/wp\/v2\/pages"}],"about":[{"href":"https:\/\/hotel-paris.hr\/de\/wp-json\/wp\/v2\/types\/page"}],"author":[{"embeddable":true,"href":"https:\/\/hotel-paris.hr\/de\/wp-json\/wp\/v2\/users\/1"}],"replies":[{"embeddable":true,"href":"https:\/\/hotel-paris.hr\/de\/wp-json\/wp\/v2\/comments?post=7047"}],"version-history":[{"count":0,"href":"https:\/\/hotel-paris.hr\/de\/wp-json\/wp\/v2\/pages\/7047\/revisions"}],"wp:attachment":[{"href":"https:\/\/hotel-paris.hr\/de\/wp-json\/wp\/v2\/media?parent=7047"}],"curies":[{"name":"wp","href":"https:\/\/api.w.org\/{rel}","templated":true}]}}